{"id":101,"date":"2023-09-27T12:11:41","date_gmt":"2023-09-27T12:11:41","guid":{"rendered":"https:\/\/www.lafaramizda.com\/?page_id=101"},"modified":"2024-02-10T12:02:51","modified_gmt":"2024-02-10T12:02:51","slug":"synopsis","status":"publish","type":"page","link":"https:\/\/www.lafaramizda.com\/en\/synopsis\/","title":{"rendered":"Synopsis"},"content":{"rendered":"<p>[et_pb_section fb_built=&#8221;1&#8243; admin_label=&#8221;Header&#8221; _builder_version=&#8221;4.20.0&#8243; _module_preset=&#8221;default&#8221; collapsed=&#8221;on&#8221; global_colors_info=&#8221;{}&#8221;][et_pb_row _builder_version=&#8221;4.20.0&#8243; _module_preset=&#8221;default&#8221; global_colors_info=&#8221;{}&#8221;][et_pb_column type=&#8221;4_4&#8243; _builder_version=&#8221;4.20.0&#8243; _module_preset=&#8221;default&#8221; global_colors_info=&#8221;{}&#8221;][et_pb_text _builder_version=&#8221;4.22.2&#8243; _module_preset=&#8221;d9c0673a-7f44-49f0-a7c7-bad836308042&#8243; text_font=&#8221;BASLIK||||||||&#8221; text_font_size=&#8221;20px&#8221; text_line_height=&#8221;1.8em&#8221; header_font=&#8221;BASLIK|||on|||||&#8221; custom_margin=&#8221;||10px||false|false&#8221; text_font_size_tablet=&#8221;15px&#8221; text_font_size_phone=&#8221;14px&#8221; text_font_size_last_edited=&#8221;on|desktop&#8221; global_colors_info=&#8221;{}&#8221;]<\/p>\n<h1>Synopsis<\/h1>\n<p>[\/et_pb_text][\/et_pb_column][\/et_pb_row][et_pb_row column_structure=&#8221;3_5,2_5&#8243; _builder_version=&#8221;4.22.2&#8243; _module_preset=&#8221;default&#8221; global_colors_info=&#8221;{}&#8221;][et_pb_column type=&#8221;3_5&#8243; _builder_version=&#8221;4.22.2&#8243; _module_preset=&#8221;default&#8221; global_colors_info=&#8221;{}&#8221;][et_pb_text _builder_version=&#8221;4.22.2&#8243; _module_preset=&#8221;default&#8221; text_font=&#8221;BASLIK||||||||&#8221; text_font_size=&#8221;20px&#8221; text_line_height=&#8221;1.8em&#8221; text_font_size_tablet=&#8221;15px&#8221; text_font_size_phone=&#8221;14px&#8221; text_font_size_last_edited=&#8221;on|desktop&#8221; global_colors_info=&#8221;{}&#8221;]<\/p>\n<p>The Eng\u00fcr\u00fc Caf\u00e9, a tea\/coffee shop on Konur St. at the heart of Ankara from 1985 to 2007, was where intellectuals, literary and artistic creators of the city frequented and comingled. This documentary is a glimpse at the political, social and cultural climate of T\u00fcrkiye in 1990s through the products of these encounters, interactions and acquaintances.<\/p>\n<p>The documentary seeks the traces of intellectual, literary and artistic endeavors of the time, which came into fruition by the potent potential of people of different groups, ages and genders sharing the same space. It focuses both on significance of the Caf\u00e9 for Ankara and K\u0131z\u0131lay, and the relationship between the space and the city and their potential to influence and transform each other. It looks at Eng\u00fcr\u00fc Caf\u00e9 from the spectacles of the political and cultural climate of Ankara in 1990s together with its place in Konur &amp; Y\u00fcksel Streets. It explores its bonds with the street beyond and neighboring shops and its place in the societal memory as a special place for memories.<\/p>\n<p>[\/et_pb_text][\/et_pb_column][et_pb_column type=&#8221;2_5&#8243; _builder_version=&#8221;4.22.2&#8243; _module_preset=&#8221;default&#8221; global_colors_info=&#8221;{}&#8221;][et_pb_image src=&#8221;https:\/\/www.lafaramizda.com\/wp-content\/uploads\/2024\/02\/afisler10-eng-2.jpg&#8221; alt=&#8221;between you and me Eng\u00fcr\u00fc Kahve Poster&#8221; title_text=&#8221;between you and me Eng\u00fcr\u00fc Kahve Poster&#8221; show_in_lightbox=&#8221;on&#8221; _builder_version=&#8221;4.24.0&#8243; _module_preset=&#8221;default&#8221; custom_margin=&#8221;|||24px||&#8221; hover_enabled=&#8221;0&#8243; global_colors_info=&#8221;{}&#8221; sticky_enabled=&#8221;0&#8243;][\/et_pb_image][\/et_pb_column][\/et_pb_row][\/et_pb_section][et_pb_section fb_built=&#8221;1&#8243; admin_label=&#8221;Services&#8221; _builder_version=&#8221;4.20.0&#8243; _module_preset=&#8221;default&#8221; collapsed=&#8221;on&#8221; global_colors_info=&#8221;{}&#8221;][\/et_pb_section]<\/p>\n","protected":false},"excerpt":{"rendered":"<p>SynopsisThe Eng\u00fcr\u00fc Caf\u00e9, a tea\/coffee shop on Konur St. at the heart of Ankara from 1985 to 2007, was where intellectuals, literary and artistic creators of the city frequented and comingled. This documentary is a glimpse at the political, social and cultural climate of T\u00fcrkiye in 1990s through the products of these encounters, interactions and [&hellip;]<\/p>\n","protected":false},"author":1,"featured_media":1540,"parent":0,"menu_order":0,"comment_status":"closed","ping_status":"closed","template":"","meta":{"_et_pb_use_builder":"on","_et_pb_old_content":"<span style=\"font-family: Calibri, sans-serif;\">1985-2007 y\u0131llar\u0131 aras\u0131nda ba\u015fkent Ankara'n\u0131n en merkezi yerlerinden biri olan Konur Sokak'ta yer alan Eng\u00fcr\u00fc kahvesi, o d\u00f6nem Ankara'da ya\u015fayan ve d\u00fc\u015f\u00fcnsel, yaz\u0131nsal, sanatsal \u00fcretim yapanlar\u0131n ileti\u015fim ve bulu\u015fma mekan\u0131 haline gelmi\u015ftir. Belgesel, bu kahve \u00e7evresindeki tan\u0131\u015f\u0131kl\u0131klar\u0131n, rastla\u015fmalar\u0131n, kesi\u015fmelerin yol a\u00e7t\u0131\u011f\u0131 \u00fcretimler \u00fczerinden 1990\u2019lar T\u00fcrkiye\u2019sinin politik, toplumsal, k\u00fclt\u00fcrel iklimine bir bak\u0131\u015ft\u0131r.<\/span>\r\n\r\n<span style=\"font-family: Calibri, sans-serif;\">Belgesel; pek \u00e7ok farkl\u0131 grup, ya\u015f ve cinsiyetten insan\u0131n ayn\u0131 mekanda olmas\u0131n\u0131n yaratt\u0131\u011f\u0131 potansiyel ile d\u00f6nemin d\u00fc\u015f\u00fcnsel, yaz\u0131nsal ve sanatsal faaliyetlerinin izini s\u00fcrmektedir. Kahvenin Ankara ve K\u0131z\u0131lay tarihindeki yerinin yan\u0131 s\u0131ra, mekan\u0131n kentle ili\u015fkisine, birbirini etkileme ve d\u00f6n\u00fc\u015ft\u00fcrme potansiyellerine odaklanmaktad\u0131r. Eng\u00fcr\u00fc kahvesini 1990'lar Ankara's\u0131n\u0131n politik ve k\u00fclt\u00fcrel iklimi, Konur Sokak ve Y\u00fcksel Caddesi\u2019nin kentteki yeri ile birlikte ele almaktad\u0131r. Kahvenin sokakla ve kom\u015fu mekanlarla ili\u015fkisini incelemekte ve bir haf\u0131za mekan\u0131 olarak toplumsal bellekteki yerini ara\u015ft\u0131rmaktad\u0131r.<\/span>","_et_gb_content_width":"","footnotes":""},"class_list":["post-101","page","type-page","status-publish","has-post-thumbnail","hentry"],"_links":{"self":[{"href":"https:\/\/www.lafaramizda.com\/en\/wp-json\/wp\/v2\/pages\/101","targetHints":{"allow":["GET"]}}],"collection":[{"href":"https:\/\/www.lafaramizda.com\/en\/wp-json\/wp\/v2\/pages"}],"about":[{"href":"https:\/\/www.lafaramizda.com\/en\/wp-json\/wp\/v2\/types\/page"}],"author":[{"embeddable":true,"href":"https:\/\/www.lafaramizda.com\/en\/wp-json\/wp\/v2\/users\/1"}],"replies":[{"embeddable":true,"href":"https:\/\/www.lafaramizda.com\/en\/wp-json\/wp\/v2\/comments?post=101"}],"version-history":[{"count":10,"href":"https:\/\/www.lafaramizda.com\/en\/wp-json\/wp\/v2\/pages\/101\/revisions"}],"predecessor-version":[{"id":1684,"href":"https:\/\/www.lafaramizda.com\/en\/wp-json\/wp\/v2\/pages\/101\/revisions\/1684"}],"wp:featuredmedia":[{"embeddable":true,"href":"https:\/\/www.lafaramizda.com\/en\/wp-json\/wp\/v2\/media\/1540"}],"wp:attachment":[{"href":"https:\/\/www.lafaramizda.com\/en\/wp-json\/wp\/v2\/media?parent=101"}],"curies":[{"name":"wp","href":"https:\/\/api.w.org\/{rel}","templated":true}]}}