{"id":104,"date":"2023-09-27T10:41:55","date_gmt":"2023-09-27T10:41:55","guid":{"rendered":"https:\/\/www.lafaramizda.com\/?page_id=104"},"modified":"2026-02-18T10:36:43","modified_gmt":"2026-02-18T10:36:43","slug":"homepage","status":"publish","type":"page","link":"https:\/\/www.lafaramizda.com\/en\/","title":{"rendered":"Homepage"},"content":{"rendered":"<p>[et_pb_section fb_built=&#8221;1&#8243; _builder_version=&#8221;4.22.2&#8243; _module_preset=&#8221;default&#8221; background_video_mp4=&#8221;https:\/\/www.lafaramizda.com\/wp-content\/uploads\/2023\/09\/laf-aramizda-enguru-kahve-fragman1-03-background.mp4&#8243; custom_padding=&#8221;2px||4px|||&#8221; custom_css_main_element=&#8221;min-height: calc(100vh &#8211; 240px);||display: flex;||flex-direction: column;&#8221; global_colors_info=&#8221;{}&#8221;][et_pb_row _builder_version=&#8221;4.22.2&#8243; _module_preset=&#8221;default&#8221; custom_margin=&#8221;5px|auto|6px|auto||&#8221; custom_padding=&#8221;||4px|||&#8221; global_colors_info=&#8221;{}&#8221;][et_pb_column type=&#8221;4_4&#8243; _builder_version=&#8221;4.22.2&#8243; _module_preset=&#8221;default&#8221; global_colors_info=&#8221;{}&#8221;][et_pb_text disabled_on=&#8221;off|off|off&#8221; _builder_version=&#8221;4.27.5&#8243; _module_preset=&#8221;default&#8221; header_2_font=&#8221;BASLIK||||||||&#8221; header_2_font_size=&#8221;24px&#8221; background_color=&#8221;rgba(224,153,0,0.61)&#8221; custom_padding=&#8221;10px|10px|6px|10px|false|false&#8221; hover_enabled=&#8221;0&#8243; global_colors_info=&#8221;{}&#8221; sticky_enabled=&#8221;0&#8243; header_3_text_color=&#8221;#0C71C3&#8243; header_3_font_size=&#8221;32px&#8221;]<\/p>\n<h2 style=\"text-align: center;\">Between You and Me &#8211; Eng\u00fcr\u00fc Kahve is now online<\/h2>\n<h3 style=\"text-align: center;\"><a href=\"https:\/\/youtu.be\/Q-Eyf0vXsWU\">youtu.be<\/a><\/h3>\n<p>[\/et_pb_text][\/et_pb_column][\/et_pb_row][et_pb_row column_structure=&#8221;1_3,2_3&#8243; make_equal=&#8221;on&#8221; _builder_version=&#8221;4.22.2&#8243; _module_preset=&#8221;default&#8221; custom_margin=&#8221;6px|auto||auto|false|false&#8221; custom_padding=&#8221;3px||0px||false|false&#8221; global_colors_info=&#8221;{}&#8221;][et_pb_column type=&#8221;1_3&#8243; _builder_version=&#8221;4.22.2&#8243; _module_preset=&#8221;default&#8221; global_colors_info=&#8221;{}&#8221;][et_pb_image src=&#8221;https:\/\/www.lafaramizda.com\/wp-content\/uploads\/2024\/02\/afisler10-eng-1.jpg&#8221; alt=&#8221;between you and me Eng\u00fcr\u00fc Kahve Poster&#8221; title_text=&#8221;between you and me Eng\u00fcr\u00fc Kahve Poster&#8221; show_in_lightbox=&#8221;on&#8221; _builder_version=&#8221;4.24.0&#8243; _module_preset=&#8221;default&#8221; max_height=&#8221;394px&#8221; global_colors_info=&#8221;{}&#8221;][\/et_pb_image][\/et_pb_column][et_pb_column type=&#8221;2_3&#8243; _builder_version=&#8221;4.22.2&#8243; _module_preset=&#8221;default&#8221; global_colors_info=&#8221;{}&#8221;][et_pb_video src=&#8221;https:\/\/youtu.be\/mc1l60umlFY&#8221; module_class=&#8221;type in divi-no-yt-related-videos&#8221; _builder_version=&#8221;4.22.2&#8243; _module_preset=&#8221;default&#8221; height=&#8221;400px&#8221; filter_opacity=&#8221;75%&#8221; global_colors_info=&#8221;{}&#8221;][\/et_pb_video][\/et_pb_column][\/et_pb_row][\/et_pb_section][et_pb_section fb_built=&#8221;1&#8243; _builder_version=&#8221;4.22.2&#8243; _module_preset=&#8221;default&#8221; background_color=&#8221;#000000&#8243; custom_padding=&#8221;0px||0px|||&#8221; locked=&#8221;off&#8221; global_colors_info=&#8221;{}&#8221;][et_pb_row _builder_version=&#8221;4.22.2&#8243; _module_preset=&#8221;default&#8221; background_color=&#8221;#000000&#8243; module_alignment=&#8221;center&#8221; global_colors_info=&#8221;{}&#8221;][et_pb_column type=&#8221;4_4&#8243; _builder_version=&#8221;4.22.2&#8243; _module_preset=&#8221;default&#8221; global_colors_info=&#8221;{}&#8221;][et_pb_text _builder_version=&#8221;4.22.2&#8243; _module_preset=&#8221;default&#8221; text_text_color=&#8221;#FFFFFF&#8221; text_font_size=&#8221;12px&#8221; global_colors_info=&#8221;{}&#8221;]<\/p>\n<p><img loading=\"lazy\" decoding=\"async\" src=\"https:\/\/www.lafaramizda.com\/wp-content\/uploads\/2023\/10\/sivil-dusun-1.png\" width=\"191\" height=\"57\" alt=\"\" class=\"wp-image-1377 alignleft size-full\" \/>\u201cThis documentary was produced with the financial support of the European Union within the framework of European Union Sivil D\u00fc\u015f\u00fcn Programme.<br \/>Its contents are the sole responsibility of Tanju G\u00fcnd\u00fczalp and do not necessarily refect the views of the European Union.\u201d<\/p>\n<p>[\/et_pb_text][\/et_pb_column][\/et_pb_row][\/et_pb_section]<\/p>\n","protected":false},"excerpt":{"rendered":"<p>Between You and Me &#8211; Eng\u00fcr\u00fc Kahve is now online youtu.be\u201cThis documentary was produced with the financial support of the European Union within the framework of European Union Sivil D\u00fc\u015f\u00fcn Programme.Its contents are the sole responsibility of Tanju G\u00fcnd\u00fczalp and do not necessarily refect the views of the European Union.\u201d<\/p>\n","protected":false},"author":1,"featured_media":1751,"parent":0,"menu_order":0,"comment_status":"closed","ping_status":"closed","template":"","meta":{"_et_pb_use_builder":"on","_et_pb_old_content":"","_et_gb_content_width":"","footnotes":""},"class_list":["post-104","page","type-page","status-publish","has-post-thumbnail","hentry"],"_links":{"self":[{"href":"https:\/\/www.lafaramizda.com\/en\/wp-json\/wp\/v2\/pages\/104","targetHints":{"allow":["GET"]}}],"collection":[{"href":"https:\/\/www.lafaramizda.com\/en\/wp-json\/wp\/v2\/pages"}],"about":[{"href":"https:\/\/www.lafaramizda.com\/en\/wp-json\/wp\/v2\/types\/page"}],"author":[{"embeddable":true,"href":"https:\/\/www.lafaramizda.com\/en\/wp-json\/wp\/v2\/users\/1"}],"replies":[{"embeddable":true,"href":"https:\/\/www.lafaramizda.com\/en\/wp-json\/wp\/v2\/comments?post=104"}],"version-history":[{"count":9,"href":"https:\/\/www.lafaramizda.com\/en\/wp-json\/wp\/v2\/pages\/104\/revisions"}],"predecessor-version":[{"id":1903,"href":"https:\/\/www.lafaramizda.com\/en\/wp-json\/wp\/v2\/pages\/104\/revisions\/1903"}],"wp:featuredmedia":[{"embeddable":true,"href":"https:\/\/www.lafaramizda.com\/en\/wp-json\/wp\/v2\/media\/1751"}],"wp:attachment":[{"href":"https:\/\/www.lafaramizda.com\/en\/wp-json\/wp\/v2\/media?parent=104"}],"curies":[{"name":"wp","href":"https:\/\/api.w.org\/{rel}","templated":true}]}}