{"id":148,"date":"2023-09-27T11:04:35","date_gmt":"2023-09-27T11:04:35","guid":{"rendered":"https:\/\/www.lafaramizda.com\/kunye\/"},"modified":"2024-02-10T12:02:07","modified_gmt":"2024-02-10T12:02:07","slug":"credits","status":"publish","type":"page","link":"https:\/\/www.lafaramizda.com\/en\/credits\/","title":{"rendered":"Credits"},"content":{"rendered":"<p>[et_pb_section fb_built=&#8221;1&#8243; admin_label=&#8221;Header&#8221; _builder_version=&#8221;4.22.2&#8243; _module_preset=&#8221;default&#8221; custom_padding=&#8221;||10px|||&#8221; collapsed=&#8221;on&#8221; global_colors_info=&#8221;{}&#8221;][et_pb_row _builder_version=&#8221;4.20.0&#8243; _module_preset=&#8221;default&#8221; global_colors_info=&#8221;{}&#8221;][et_pb_column type=&#8221;4_4&#8243; _builder_version=&#8221;4.20.0&#8243; _module_preset=&#8221;default&#8221; global_colors_info=&#8221;{}&#8221;][et_pb_text _builder_version=&#8221;4.22.2&#8243; _module_preset=&#8221;253f5dd7-4149-4b87-bf96-6d283625b2d9&#8243; header_font=&#8221;BASLIK|||on|||||&#8221; custom_margin=&#8221;||10px||false|false&#8221; global_colors_info=&#8221;{}&#8221;]<\/p>\n<h1>CREDITS<\/h1>\n<p>[\/et_pb_text][\/et_pb_column][\/et_pb_row][\/et_pb_section][et_pb_section fb_built=&#8221;1&#8243; admin_label=&#8221;Header&#8221; _builder_version=&#8221;4.22.2&#8243; _module_preset=&#8221;default&#8221; custom_padding=&#8221;0px|||||&#8221; collapsed=&#8221;on&#8221; global_colors_info=&#8221;{}&#8221;][et_pb_row column_structure=&#8221;1_2,1_2&#8243; _builder_version=&#8221;4.20.0&#8243; _module_preset=&#8221;default&#8221; global_colors_info=&#8221;{}&#8221;][et_pb_column type=&#8221;1_2&#8243; _builder_version=&#8221;4.20.0&#8243; _module_preset=&#8221;default&#8221; global_colors_info=&#8221;{}&#8221;][et_pb_text _builder_version=&#8221;4.22.2&#8243; _module_preset=&#8221;ca618fe5-b3da-4775-b02d-d0e73bc50921&#8243; text_font=&#8221;BASLIK||||||||&#8221; text_font_size=&#8221;20px&#8221; header_font=&#8221;BASLIK||||||||&#8221; header_text_color=&#8221;rgba(0,0,0,0.57)&#8221; custom_css_main_element=&#8221;column-count: 1||  ;&#8221; global_colors_info=&#8221;{}&#8221;]<\/p>\n<h1 style=\"text-align: left;\"><strong>between you and me Eng\u00fcr\u00fc Kahve<\/strong><\/h1>\n<p>Produciton Date: 2023<br \/>Duration: 01:51:43<br \/>Documentary, Color, Turkish<\/p>\n<p style=\"text-align: left;\"><strong>Project Team<\/strong><br \/>Ay\u015fe G\u00fcltekingil<br \/>Can Mengilib\u00f6r\u00fc<br \/>\u00d6zlem Mengilib\u00f6r\u00fc<br \/>Tanju G\u00fcnd\u00fczalp<\/p>\n<p style=\"text-align: left;\"><strong>Production<\/strong><br \/>Can Mengilib\u00f6r\u00fc<\/p>\n<p style=\"text-align: left;\"><strong>Director<\/strong><br \/>\u00d6zlem Mengilib\u00f6r\u00fc<br \/>Can Mengilib\u00f6r\u00fc<\/p>\n<p style=\"text-align: left;\"><strong>Script<\/strong><br \/>\u00d6zlem Mengilib\u00f6r\u00fc<\/p>\n<p style=\"text-align: left;\"><strong>Cinematography<\/strong><br \/>\u00d6zlem Mengilib\u00f6r\u00fc<br \/>Can Mengilib\u00f6r\u00fc<\/p>\n<p style=\"text-align: left;\"><strong>Sound Recording<\/strong><br \/>Tanju G\u00fcnd\u00fczalp<\/p>\n<p style=\"text-align: left;\"><strong>Interviewer<\/strong><br \/>Ay\u015fe G\u00fcltekingil<\/p>\n<p style=\"text-align: left;\"><strong>Editing<\/strong><br \/>\u00d6zlem Mengilib\u00f6r\u00fc<br \/>Can Mengilib\u00f6r\u00fc<\/p>\n<p style=\"text-align: left;\"><strong>Sound Edit, Mix and Mastering<\/strong><br \/>Volkan Y\u0131rt\u0131c\u0131<\/p>\n<p style=\"text-align: left;\"><strong>Photography Archieve<\/strong><br \/>Alper Fidaner<br \/>Ay\u015fin Zoe G\u00fcne\u015f<br \/>Can Mengilib\u00f6r\u00fc<br \/>Candan Murat \u00d6zcan<br \/>Tanju G\u00fcnd\u00fczalp<br \/>Yunus \u00d6zkazan\u00e7<\/p>\n<p style=\"text-align: left;\"><strong>Video Archieve<\/strong><br \/>Can Mengilib\u00f6r\u00fc<br \/>R\u0131za G\u00fczelg\u00fcn<br \/>Yunus \u00d6zkazan\u00e7<\/p>\n<p style=\"text-align: left;\"><strong>Music<\/strong><br \/>\u00c7a\u011fda\u015f T\u00fcrk\u00fc &#8211; Uyan\u0131yor Ankara<br \/>Composition: Eftal K\u00fc\u00e7\u00fck\u00a0 <em>in honour of his memory<br \/><\/em>Lyrics: Murat Yetkin<\/p>\n<p style=\"text-align: left;\"><img loading=\"lazy\" decoding=\"async\" src=\"https:\/\/www.lafaramizda.com\/wp-content\/uploads\/2023\/09\/kalan-logo.png\" width=\"111\" height=\"25\" alt=\"\" class=\"wp-image-144 alignnone size-full\" \/><\/p>\n<p style=\"text-align: left;\">her \u015feyin \u015fark\u0131s\u0131<br \/>bAND\u0130STA<\/p>\n<p style=\"text-align: left;\"><strong>Thanks<br \/><\/strong>Ahmet Y\u0131ld\u0131z<br \/>A. Adnan Ak\u00e7ay<br \/>Alev \u00d6zkazan\u00e7<br \/>Antoloji Ankara<br \/>Aynur Demirdirek<br \/>Asuman Topalo\u011flu<br \/>M. B\u00fclent G\u00fcler<br \/>Cahit \u00c7ilta\u015f<br \/>\u00c7erkes Karada\u011f<br \/>Didem Ayhan \u00d6zkazan\u00e7<br \/>Ebru Ceylan<br \/>Ege Berensel<br \/>Enver Kaman<br \/>Erdo\u011fan Bekkaya<br \/>Ersan Ocak<br \/>E\u015fref Ka\u00e7maz<br \/>Hakan Kaynar<br \/>\u0130HD Ankara \u015eubesi<br \/>A. \u0130lker Berke<br \/>\u0130lknur Y\u00fcksel<br \/>Kad\u0131k\u00f6y Belediyesi<br \/>Kalan M\u00fczik<br \/>Mad\u0131mak Katliam\u0131 Haf\u0131za Merkezi<br \/>Mehmet Can K\u00fc\u00e7\u00fck<br \/>Mehmet Demir<br \/>Metin Solmaz<br \/>Metin Y\u00fccel<br \/>Mimarlar Derne\u011fi 1927<br \/>Mine Kasap<br \/>Murat G\u00fcltekingil<br \/>Murat Kalayc\u0131o\u011flu<br \/>Murat Meri\u00e7<br \/>Murat Yetkin<br \/>Nedret Olcayto Miser<br \/>Nihat Gen\u00e7<br \/>ODT\u00dc G\u0130SAM<br \/>Orhan Anafarta<br \/>\u00d6nder San<br \/>Soner Sevgili<br \/>Sulhiye G\u00fcltekingil<br \/>S\u00fcleyman Kaman<br \/>S\u00fcreyya Murat<br \/>\u015eeng\u00fcn K\u0131l\u0131\u00e7 Hristidis<br \/>Tarhan G\u00fcrhan<br \/>Tolga \u00c7andar<br \/>Yasemin \u00d6z<br \/>Yunus \u00d6zkazan\u00e7<\/p>\n<p>[\/et_pb_text][\/et_pb_column][et_pb_column type=&#8221;1_2&#8243; _builder_version=&#8221;4.20.0&#8243; _module_preset=&#8221;default&#8221; global_colors_info=&#8221;{}&#8221;][et_pb_image src=&#8221;https:\/\/www.lafaramizda.com\/wp-content\/uploads\/2024\/02\/afisler10-eng-3-1.jpg&#8221; alt=&#8221;between you and me Eng\u00fcr\u00fc Kahve Poster&#8221; title_text=&#8221;between you and me Eng\u00fcr\u00fc Kahve Poster&#8221; show_in_lightbox=&#8221;on&#8221; _builder_version=&#8221;4.24.0&#8243; _module_preset=&#8221;default&#8221; hover_enabled=&#8221;0&#8243; global_colors_info=&#8221;{}&#8221; sticky_enabled=&#8221;0&#8243;][\/et_pb_image][\/et_pb_column][\/et_pb_row][\/et_pb_section]<\/p>\n","protected":false},"excerpt":{"rendered":"<p>CREDITSbetween you and me Eng\u00fcr\u00fc Kahve Produciton Date: 2023Duration: 01:51:43Documentary, Color, Turkish Project TeamAy\u015fe G\u00fcltekingilCan Mengilib\u00f6r\u00fc\u00d6zlem Mengilib\u00f6r\u00fcTanju G\u00fcnd\u00fczalp ProductionCan Mengilib\u00f6r\u00fc Director\u00d6zlem Mengilib\u00f6r\u00fcCan Mengilib\u00f6r\u00fc Script\u00d6zlem Mengilib\u00f6r\u00fc Cinematography\u00d6zlem Mengilib\u00f6r\u00fcCan Mengilib\u00f6r\u00fc Sound RecordingTanju G\u00fcnd\u00fczalp InterviewerAy\u015fe G\u00fcltekingil Editing\u00d6zlem Mengilib\u00f6r\u00fcCan Mengilib\u00f6r\u00fc Sound Edit, Mix and MasteringVolkan Y\u0131rt\u0131c\u0131 Photography ArchieveAlper FidanerAy\u015fin Zoe G\u00fcne\u015fCan Mengilib\u00f6r\u00fcCandan Murat \u00d6zcanTanju G\u00fcnd\u00fczalpYunus \u00d6zkazan\u00e7 Video ArchieveCan Mengilib\u00f6r\u00fcR\u0131za [&hellip;]<\/p>\n","protected":false},"author":1,"featured_media":1542,"parent":0,"menu_order":0,"comment_status":"closed","ping_status":"closed","template":"","meta":{"_et_pb_use_builder":"on","_et_pb_old_content":"","_et_gb_content_width":"","footnotes":""},"class_list":["post-148","page","type-page","status-publish","has-post-thumbnail","hentry"],"_links":{"self":[{"href":"https:\/\/www.lafaramizda.com\/en\/wp-json\/wp\/v2\/pages\/148","targetHints":{"allow":["GET"]}}],"collection":[{"href":"https:\/\/www.lafaramizda.com\/en\/wp-json\/wp\/v2\/pages"}],"about":[{"href":"https:\/\/www.lafaramizda.com\/en\/wp-json\/wp\/v2\/types\/page"}],"author":[{"embeddable":true,"href":"https:\/\/www.lafaramizda.com\/en\/wp-json\/wp\/v2\/users\/1"}],"replies":[{"embeddable":true,"href":"https:\/\/www.lafaramizda.com\/en\/wp-json\/wp\/v2\/comments?post=148"}],"version-history":[{"count":10,"href":"https:\/\/www.lafaramizda.com\/en\/wp-json\/wp\/v2\/pages\/148\/revisions"}],"predecessor-version":[{"id":1683,"href":"https:\/\/www.lafaramizda.com\/en\/wp-json\/wp\/v2\/pages\/148\/revisions\/1683"}],"wp:featuredmedia":[{"embeddable":true,"href":"https:\/\/www.lafaramizda.com\/en\/wp-json\/wp\/v2\/media\/1542"}],"wp:attachment":[{"href":"https:\/\/www.lafaramizda.com\/en\/wp-json\/wp\/v2\/media?parent=148"}],"curies":[{"name":"wp","href":"https:\/\/api.w.org\/{rel}","templated":true}]}}